{"id":9,"date":"2024-01-18T16:44:48","date_gmt":"2024-01-18T19:44:48","guid":{"rendered":"https:\/\/bulario.romuloenfermagem.com.br\/?page_id=9"},"modified":"2024-06-06T11:38:33","modified_gmt":"2024-06-06T14:38:33","slug":"bulario","status":"publish","type":"page","link":"https:\/\/bulario.romuloenfermagem.com.br\/","title":{"rendered":"Bulario"},"content":{"rendered":"\t\t<div data-elementor-type=\"wp-page\" data-elementor-id=\"9\" class=\"elementor elementor-9\">\n\t\t\t\t\t\t\t<div class=\"elementor-element elementor-element-52ff55a e-flex e-con-boxed e-con e-parent\" data-id=\"52ff55a\" data-element_type=\"container\" data-settings=\"{&quot;background_background&quot;:&quot;gradient&quot;,&quot;content_width&quot;:&quot;boxed&quot;}\" data-core-v316-plus=\"true\">\n\t\t\t\t\t<div class=\"e-con-inner\">\n\t\t\t\t<div class=\"elementor-element elementor-element-d5df7ec elementor-widget elementor-widget-spacer\" data-id=\"d5df7ec\" data-element_type=\"widget\" data-widget_type=\"spacer.default\">\n\t\t\t\t<div class=\"elementor-widget-container\">\n\t\t\t<style>\/*! elementor - v3.18.0 - 20-12-2023 *\/\n.elementor-column .elementor-spacer-inner{height:var(--spacer-size)}.e-con{--container-widget-width:100%}.e-con-inner>.elementor-widget-spacer,.e-con>.elementor-widget-spacer{width:var(--container-widget-width,var(--spacer-size));--align-self:var(--container-widget-align-self,initial);--flex-shrink:0}.e-con-inner>.elementor-widget-spacer>.elementor-widget-container,.e-con>.elementor-widget-spacer>.elementor-widget-container{height:100%;width:100%}.e-con-inner>.elementor-widget-spacer>.elementor-widget-container>.elementor-spacer,.e-con>.elementor-widget-spacer>.elementor-widget-container>.elementor-spacer{height:100%}.e-con-inner>.elementor-widget-spacer>.elementor-widget-container>.elementor-spacer>.elementor-spacer-inner,.e-con>.elementor-widget-spacer>.elementor-widget-container>.elementor-spacer>.elementor-spacer-inner{height:var(--container-widget-height,var(--spacer-size))}.e-con-inner>.elementor-widget-spacer.elementor-widget-empty,.e-con>.elementor-widget-spacer.elementor-widget-empty{position:relative;min-height:22px;min-width:22px}.e-con-inner>.elementor-widget-spacer.elementor-widget-empty .elementor-widget-empty-icon,.e-con>.elementor-widget-spacer.elementor-widget-empty .elementor-widget-empty-icon{position:absolute;top:0;bottom:0;left:0;right:0;margin:auto;padding:0;width:22px;height:22px}<\/style>\t\t<div class=\"elementor-spacer\">\n\t\t\t<div class=\"elementor-spacer-inner\"><\/div>\n\t\t<\/div>\n\t\t\t\t<\/div>\n\t\t\t\t<\/div>\n\t\t\t\t<div class=\"elementor-element elementor-element-92ea562 elementor-widget elementor-widget-heading\" data-id=\"92ea562\" data-element_type=\"widget\" data-widget_type=\"heading.default\">\n\t\t\t\t<div class=\"elementor-widget-container\">\n\t\t\t<style>\/*! elementor - v3.18.0 - 20-12-2023 *\/\n.elementor-heading-title{padding:0;margin:0;line-height:1}.elementor-widget-heading .elementor-heading-title[class*=elementor-size-]>a{color:inherit;font-size:inherit;line-height:inherit}.elementor-widget-heading .elementor-heading-title.elementor-size-small{font-size:15px}.elementor-widget-heading .elementor-heading-title.elementor-size-medium{font-size:19px}.elementor-widget-heading .elementor-heading-title.elementor-size-large{font-size:29px}.elementor-widget-heading .elementor-heading-title.elementor-size-xl{font-size:39px}.elementor-widget-heading .elementor-heading-title.elementor-size-xxl{font-size:59px}<\/style><h2 class=\"elementor-heading-title elementor-size-default\">Livros digitais<\/h2>\t\t<\/div>\n\t\t\t\t<\/div>\n\t\t\t\t<div class=\"elementor-element elementor-element-12e9460 elementor-widget elementor-widget-heading\" data-id=\"12e9460\" data-element_type=\"widget\" data-widget_type=\"heading.default\">\n\t\t\t\t<div class=\"elementor-widget-container\">\n\t\t\t<h2 class=\"elementor-heading-title elementor-size-default\">Bul\u00e1rio<\/h2>\t\t<\/div>\n\t\t\t\t<\/div>\n\t\t\t\t<div class=\"elementor-element elementor-element-b1ff4b9 elementor-widget elementor-widget-image\" data-id=\"b1ff4b9\" data-element_type=\"widget\" data-widget_type=\"image.default\">\n\t\t\t\t<div class=\"elementor-widget-container\">\n\t\t\t<style>\/*! elementor - v3.18.0 - 20-12-2023 *\/\n.elementor-widget-image{text-align:center}.elementor-widget-image a{display:inline-block}.elementor-widget-image a img[src$=\".svg\"]{width:48px}.elementor-widget-image img{vertical-align:middle;display:inline-block}<\/style>\t\t\t\t\t\t\t\t\t\t\t\t<img fetchpriority=\"high\" decoding=\"async\" width=\"1024\" height=\"694\" src=\"https:\/\/bulario.romuloenfermagem.com.br\/wp-content\/uploads\/2024\/06\/IMG_1526-1024x694.png\" class=\"attachment-large size-large wp-image-299\" alt=\"\" srcset=\"https:\/\/bulario.romuloenfermagem.com.br\/wp-content\/uploads\/2024\/06\/IMG_1526-1024x694.png 1024w, https:\/\/bulario.romuloenfermagem.com.br\/wp-content\/uploads\/2024\/06\/IMG_1526-300x203.png 300w, https:\/\/bulario.romuloenfermagem.com.br\/wp-content\/uploads\/2024\/06\/IMG_1526-768x521.png 768w, https:\/\/bulario.romuloenfermagem.com.br\/wp-content\/uploads\/2024\/06\/IMG_1526-1536x1041.png 1536w, https:\/\/bulario.romuloenfermagem.com.br\/wp-content\/uploads\/2024\/06\/IMG_1526-2048x1388.png 2048w\" sizes=\"(max-width: 1024px) 100vw, 1024px\" \/>\t\t\t\t\t\t\t\t\t\t\t\t\t\t\t<\/div>\n\t\t\t\t<\/div>\n\t\t\t\t<div class=\"elementor-element elementor-element-a8c39f5 elementor-widget elementor-widget-text-editor\" data-id=\"a8c39f5\" data-element_type=\"widget\" data-widget_type=\"text-editor.default\">\n\t\t\t\t<div class=\"elementor-widget-container\">\n\t\t\t<style>\/*! elementor - v3.18.0 - 20-12-2023 *\/\n.elementor-widget-text-editor.elementor-drop-cap-view-stacked .elementor-drop-cap{background-color:#69727d;color:#fff}.elementor-widget-text-editor.elementor-drop-cap-view-framed .elementor-drop-cap{color:#69727d;border:3px solid;background-color:transparent}.elementor-widget-text-editor:not(.elementor-drop-cap-view-default) .elementor-drop-cap{margin-top:8px}.elementor-widget-text-editor:not(.elementor-drop-cap-view-default) .elementor-drop-cap-letter{width:1em;height:1em}.elementor-widget-text-editor .elementor-drop-cap{float:left;text-align:center;line-height:1;font-size:50px}.elementor-widget-text-editor .elementor-drop-cap-letter{display:inline-block}<\/style>\t\t\t\t<p style=\"text-align: center;\"><span style=\"color: #00ff00;\"><strong>Aprenda sobre<\/strong><\/span> Indica\u00e7\u00e3o, contraindica\u00e7\u00e3o, efeitos colaterais, vias de administra\u00e7\u00e3o de medicamentos dos medicamentos mais utilizados na <span style=\"color: #ff00ff;\"><strong>UTI e Emerg\u00eancia.<\/strong><\/span><\/p>\t\t\t\t\t\t<\/div>\n\t\t\t\t<\/div>\n\t\t\t\t<div class=\"elementor-element elementor-element-1049d65 elementor-mobile-align-center elementor-align-center elementor-widget elementor-widget-button\" data-id=\"1049d65\" data-element_type=\"widget\" data-widget_type=\"button.default\">\n\t\t\t\t<div class=\"elementor-widget-container\">\n\t\t\t\t\t<div class=\"elementor-button-wrapper\">\n\t\t\t<a class=\"elementor-button elementor-button-link elementor-size-sm\" href=\"https:\/\/pay.kiwify.com.br\/tmHOQRu\">\n\t\t\t\t\t\t<span class=\"elementor-button-content-wrapper\">\n\t\t\t\t\t\t<span class=\"elementor-button-text\">EU QUERO<\/span>\n\t\t<\/span>\n\t\t\t\t\t<\/a>\n\t\t<\/div>\n\t\t\t\t<\/div>\n\t\t\t\t<\/div>\n\t\t\t\t<div class=\"elementor-element elementor-element-6fadfec elementor-widget elementor-widget-text-editor\" data-id=\"6fadfec\" data-element_type=\"widget\" data-widget_type=\"text-editor.default\">\n\t\t\t\t<div class=\"elementor-widget-container\">\n\t\t\t\t\t\t\t<blockquote><p style=\"text-align: center;\">Indicado para <span style=\"color: #00ff00;\">enfermeiros<\/span> e <span style=\"color: #00ff00;\">t\u00e9cnicos em enfermagem!<\/span><\/p><\/blockquote>\t\t\t\t\t\t<\/div>\n\t\t\t\t<\/div>\n\t\t\t\t\t<\/div>\n\t\t\t\t<\/div>\n\t\t<div class=\"elementor-element elementor-element-4220e0c e-flex e-con-boxed e-con e-parent\" data-id=\"4220e0c\" data-element_type=\"container\" data-settings=\"{&quot;content_width&quot;:&quot;boxed&quot;}\" data-core-v316-plus=\"true\">\n\t\t\t\t\t<div class=\"e-con-inner\">\n\t\t\t\t<div class=\"elementor-element elementor-element-83e4462 elementor-widget elementor-widget-spacer\" data-id=\"83e4462\" data-element_type=\"widget\" data-widget_type=\"spacer.default\">\n\t\t\t\t<div class=\"elementor-widget-container\">\n\t\t\t\t\t<div class=\"elementor-spacer\">\n\t\t\t<div class=\"elementor-spacer-inner\"><\/div>\n\t\t<\/div>\n\t\t\t\t<\/div>\n\t\t\t\t<\/div>\n\t\t\t\t<div class=\"elementor-element elementor-element-8184218 elementor-widget elementor-widget-heading\" data-id=\"8184218\" data-element_type=\"widget\" data-widget_type=\"heading.default\">\n\t\t\t\t<div class=\"elementor-widget-container\">\n\t\t\t<h2 class=\"elementor-heading-title elementor-size-default\">O que voc\u00ea ir\u00e1 aprender?<\/h2>\t\t<\/div>\n\t\t\t\t<\/div>\n\t\t\t\t<div class=\"elementor-element elementor-element-34d07b9 elementor-widget elementor-widget-heading\" data-id=\"34d07b9\" data-element_type=\"widget\" data-widget_type=\"heading.default\">\n\t\t\t\t<div class=\"elementor-widget-container\">\n\t\t\t<h2 class=\"elementor-heading-title elementor-size-default\">Conte\u00fados do manual<\/h2>\t\t<\/div>\n\t\t\t\t<\/div>\n\t\t\t\t<div class=\"elementor-element elementor-element-c98ccad elementor-widget elementor-widget-text-editor\" data-id=\"c98ccad\" data-element_type=\"widget\" data-widget_type=\"text-editor.default\">\n\t\t\t\t<div class=\"elementor-widget-container\">\n\t\t\t\t\t\t\t<div>\n<ul>\n<li class=\"elementor-heading-title elementor-size-default elementor-inline-editing pen\" style=\"font-family: var( --e-global-typography-primary-font-family ), Sans-serif; outline-color: currentcolor; outline-style: none;\" data-elementor-setting-key=\"title\" data-pen-placeholder=\"Digite aqui...\"><span style=\"font-size: 16px;\">Indica\u00e7\u00e3o.<\/span><\/li>\n<li>Contra-indica\u00e7\u00e3o.<\/li>\n<li>Efeitos colaterais.<\/li>\n<li>Vias de administra\u00e7\u00e3o.<\/li>\n<li>Classe medicamentosa.<\/li>\n<\/ul>\n<p style=\"text-align: center;\"><span style=\"text-align: center;\"><b>Dos medicamentos mais utilizados na UTI e Emerg\u00eancia!<\/b><\/span><\/p>\n<\/div>\t\t\t\t\t\t<\/div>\n\t\t\t\t<\/div>\n\t\t\t\t<div class=\"elementor-element elementor-element-54a1c36 elementor-mobile-align-center elementor-align-center elementor-widget elementor-widget-button\" data-id=\"54a1c36\" data-element_type=\"widget\" data-widget_type=\"button.default\">\n\t\t\t\t<div class=\"elementor-widget-container\">\n\t\t\t\t\t<div class=\"elementor-button-wrapper\">\n\t\t\t<a class=\"elementor-button elementor-button-link elementor-size-sm\" href=\"https:\/\/pay.kiwify.com.br\/tmHOQRu\">\n\t\t\t\t\t\t<span class=\"elementor-button-content-wrapper\">\n\t\t\t\t\t\t<span class=\"elementor-button-text\">CLIQUE AQUI<\/span>\n\t\t<\/span>\n\t\t\t\t\t<\/a>\n\t\t<\/div>\n\t\t\t\t<\/div>\n\t\t\t\t<\/div>\n\t\t\t\t\t<\/div>\n\t\t\t\t<\/div>\n\t\t<div class=\"elementor-element elementor-element-ebebb5d e-flex e-con-boxed e-con e-parent\" data-id=\"ebebb5d\" data-element_type=\"container\" data-settings=\"{&quot;background_background&quot;:&quot;gradient&quot;,&quot;content_width&quot;:&quot;boxed&quot;}\" data-core-v316-plus=\"true\">\n\t\t\t\t\t<div class=\"e-con-inner\">\n\t\t\t\t<div class=\"elementor-element elementor-element-976d41e elementor-widget elementor-widget-spacer\" data-id=\"976d41e\" data-element_type=\"widget\" data-widget_type=\"spacer.default\">\n\t\t\t\t<div class=\"elementor-widget-container\">\n\t\t\t\t\t<div class=\"elementor-spacer\">\n\t\t\t<div class=\"elementor-spacer-inner\"><\/div>\n\t\t<\/div>\n\t\t\t\t<\/div>\n\t\t\t\t<\/div>\n\t\t\t\t<div class=\"elementor-element elementor-element-ffc7641 elementor-widget elementor-widget-heading\" data-id=\"ffc7641\" data-element_type=\"widget\" data-widget_type=\"heading.default\">\n\t\t\t\t<div class=\"elementor-widget-container\">\n\t\t\t<h2 class=\"elementor-heading-title elementor-size-default\">Depoimentos<\/h2>\t\t<\/div>\n\t\t\t\t<\/div>\n\t\t\t\t<div class=\"elementor-element elementor-element-cf88059 elementor-arrows-position-inside elementor-pagination-position-outside elementor-widget elementor-widget-image-carousel\" data-id=\"cf88059\" data-element_type=\"widget\" data-settings=\"{&quot;navigation&quot;:&quot;both&quot;,&quot;autoplay&quot;:&quot;yes&quot;,&quot;pause_on_hover&quot;:&quot;yes&quot;,&quot;pause_on_interaction&quot;:&quot;yes&quot;,&quot;autoplay_speed&quot;:5000,&quot;infinite&quot;:&quot;yes&quot;,&quot;speed&quot;:500}\" data-widget_type=\"image-carousel.default\">\n\t\t\t\t<div class=\"elementor-widget-container\">\n\t\t\t<style>\/*! elementor - v3.18.0 - 20-12-2023 *\/\n.elementor-widget-image-carousel .swiper,.elementor-widget-image-carousel .swiper-container{position:static}.elementor-widget-image-carousel .swiper-container .swiper-slide figure,.elementor-widget-image-carousel .swiper .swiper-slide figure{line-height:inherit}.elementor-widget-image-carousel .swiper-slide{text-align:center}.elementor-image-carousel-wrapper:not(.swiper-container-initialized):not(.swiper-initialized) .swiper-slide{max-width:calc(100% \/ var(--e-image-carousel-slides-to-show, 3))}<\/style>\t\t<div class=\"elementor-image-carousel-wrapper swiper\" dir=\"ltr\">\n\t\t\t<div class=\"elementor-image-carousel swiper-wrapper\" aria-live=\"off\">\n\t\t\t\t\t\t\t\t<div class=\"swiper-slide\" role=\"group\" aria-roledescription=\"slide\" aria-label=\"1 of 4\"><figure class=\"swiper-slide-inner\"><img decoding=\"async\" class=\"swiper-slide-image\" src=\"https:\/\/bulario.romuloenfermagem.com.br\/wp-content\/uploads\/2024\/06\/IMG_0936-875x1024.jpeg\" alt=\"IMG_0936\" \/><\/figure><\/div><div class=\"swiper-slide\" role=\"group\" aria-roledescription=\"slide\" aria-label=\"2 of 4\"><figure class=\"swiper-slide-inner\"><img decoding=\"async\" class=\"swiper-slide-image\" src=\"https:\/\/bulario.romuloenfermagem.com.br\/wp-content\/uploads\/2024\/06\/IMG_0935-660x1024.jpeg\" alt=\"IMG_0935\" \/><\/figure><\/div><div class=\"swiper-slide\" role=\"group\" aria-roledescription=\"slide\" aria-label=\"3 of 4\"><figure class=\"swiper-slide-inner\"><img decoding=\"async\" class=\"swiper-slide-image\" src=\"https:\/\/bulario.romuloenfermagem.com.br\/wp-content\/uploads\/2024\/06\/IMG_0934-722x1024.jpeg\" alt=\"IMG_0934\" \/><\/figure><\/div><div class=\"swiper-slide\" role=\"group\" aria-roledescription=\"slide\" aria-label=\"4 of 4\"><figure class=\"swiper-slide-inner\"><img decoding=\"async\" class=\"swiper-slide-image\" src=\"https:\/\/bulario.romuloenfermagem.com.br\/wp-content\/uploads\/2024\/06\/IMG_0933-768x1024.jpeg\" alt=\"IMG_0933\" \/><\/figure><\/div>\t\t\t<\/div>\n\t\t\t\t\t\t\t\t\t\t\t\t<div class=\"elementor-swiper-button elementor-swiper-button-prev\" role=\"button\" tabindex=\"0\">\n\t\t\t\t\t\t<svg aria-hidden=\"true\" class=\"e-font-icon-svg e-eicon-chevron-left\" viewBox=\"0 0 1000 1000\" xmlns=\"http:\/\/www.w3.org\/2000\/svg\"><path d=\"M646 125C629 125 613 133 604 142L308 442C296 454 292 471 292 487 292 504 296 521 308 533L604 854C617 867 629 875 646 875 663 875 679 871 692 858 704 846 713 829 713 812 713 796 708 779 692 767L438 487 692 225C700 217 708 204 708 187 708 171 704 154 692 142 675 129 663 125 646 125Z\"><\/path><\/svg>\t\t\t\t\t<\/div>\n\t\t\t\t\t<div class=\"elementor-swiper-button elementor-swiper-button-next\" role=\"button\" tabindex=\"0\">\n\t\t\t\t\t\t<svg aria-hidden=\"true\" class=\"e-font-icon-svg e-eicon-chevron-right\" viewBox=\"0 0 1000 1000\" xmlns=\"http:\/\/www.w3.org\/2000\/svg\"><path d=\"M696 533C708 521 713 504 713 487 713 471 708 454 696 446L400 146C388 133 375 125 354 125 338 125 325 129 313 142 300 154 292 171 292 187 292 204 296 221 308 233L563 492 304 771C292 783 288 800 288 817 288 833 296 850 308 863 321 871 338 875 354 875 371 875 388 867 400 854L696 533Z\"><\/path><\/svg>\t\t\t\t\t<\/div>\n\t\t\t\t\n\t\t\t\t\t\t\t\t\t<div class=\"swiper-pagination\"><\/div>\n\t\t\t\t\t\t\t\t\t<\/div>\n\t\t\t\t<\/div>\n\t\t\t\t<\/div>\n\t\t\t\t\t<\/div>\n\t\t\t\t<\/div>\n\t\t<div class=\"elementor-element elementor-element-ba70f66 e-flex e-con-boxed e-con e-parent\" data-id=\"ba70f66\" data-element_type=\"container\" data-settings=\"{&quot;background_background&quot;:&quot;gradient&quot;,&quot;content_width&quot;:&quot;boxed&quot;}\" data-core-v316-plus=\"true\">\n\t\t\t\t\t<div class=\"e-con-inner\">\n\t\t\t\t<div class=\"elementor-element elementor-element-e3af12b elementor-widget elementor-widget-spacer\" data-id=\"e3af12b\" data-element_type=\"widget\" data-widget_type=\"spacer.default\">\n\t\t\t\t<div class=\"elementor-widget-container\">\n\t\t\t\t\t<div class=\"elementor-spacer\">\n\t\t\t<div class=\"elementor-spacer-inner\"><\/div>\n\t\t<\/div>\n\t\t\t\t<\/div>\n\t\t\t\t<\/div>\n\t\t\t\t<div class=\"elementor-element elementor-element-4dc61eb elementor-widget elementor-widget-heading\" data-id=\"4dc61eb\" data-element_type=\"widget\" data-widget_type=\"heading.default\">\n\t\t\t\t<div class=\"elementor-widget-container\">\n\t\t\t<h2 class=\"elementor-heading-title elementor-size-default\">9 x de R$ 5,13<\/h2>\t\t<\/div>\n\t\t\t\t<\/div>\n\t\t\t\t<div class=\"elementor-element elementor-element-0d0ec57 elementor-widget elementor-widget-heading\" data-id=\"0d0ec57\" data-element_type=\"widget\" data-widget_type=\"heading.default\">\n\t\t\t\t<div class=\"elementor-widget-container\">\n\t\t\t<h2 class=\"elementor-heading-title elementor-size-default\">ou R$ 9,99 \u00e1 vista<\/h2>\t\t<\/div>\n\t\t\t\t<\/div>\n\t\t\t\t<div class=\"elementor-element elementor-element-7bdfda3 elementor-widget elementor-widget-spacer\" data-id=\"7bdfda3\" data-element_type=\"widget\" data-widget_type=\"spacer.default\">\n\t\t\t\t<div class=\"elementor-widget-container\">\n\t\t\t\t\t<div class=\"elementor-spacer\">\n\t\t\t<div class=\"elementor-spacer-inner\"><\/div>\n\t\t<\/div>\n\t\t\t\t<\/div>\n\t\t\t\t<\/div>\n\t\t\t\t<div class=\"elementor-element elementor-element-b5811f8 elementor-align-center elementor-mobile-align-center elementor-widget elementor-widget-button\" data-id=\"b5811f8\" data-element_type=\"widget\" data-widget_type=\"button.default\">\n\t\t\t\t<div class=\"elementor-widget-container\">\n\t\t\t\t\t<div class=\"elementor-button-wrapper\">\n\t\t\t<a class=\"elementor-button elementor-button-link elementor-size-sm\" href=\"https:\/\/pay.kiwify.com.br\/tmHOQRu\">\n\t\t\t\t\t\t<span class=\"elementor-button-content-wrapper\">\n\t\t\t\t\t\t<span class=\"elementor-button-text\">CLIQUE AQUI<\/span>\n\t\t<\/span>\n\t\t\t\t\t<\/a>\n\t\t<\/div>\n\t\t\t\t<\/div>\n\t\t\t\t<\/div>\n\t\t\t\t<div class=\"elementor-element elementor-element-b517cda elementor-widget elementor-widget-image\" data-id=\"b517cda\" data-element_type=\"widget\" data-widget_type=\"image.default\">\n\t\t\t\t<div class=\"elementor-widget-container\">\n\t\t\t\t\t\t\t\t\t\t\t\t\t\t\t<img decoding=\"async\" width=\"739\" height=\"641\" src=\"https:\/\/bulario.romuloenfermagem.com.br\/wp-content\/uploads\/2024\/01\/imagens-de-7-dias-de-garantia-png-7.png\" class=\"attachment-large size-large wp-image-122\" alt=\"\" srcset=\"https:\/\/bulario.romuloenfermagem.com.br\/wp-content\/uploads\/2024\/01\/imagens-de-7-dias-de-garantia-png-7.png 739w, https:\/\/bulario.romuloenfermagem.com.br\/wp-content\/uploads\/2024\/01\/imagens-de-7-dias-de-garantia-png-7-300x260.png 300w\" sizes=\"(max-width: 739px) 100vw, 739px\" \/>\t\t\t\t\t\t\t\t\t\t\t\t\t\t\t<\/div>\n\t\t\t\t<\/div>\n\t\t\t\t<div class=\"elementor-element elementor-element-cd821e5 elementor-widget elementor-widget-image\" data-id=\"cd821e5\" data-element_type=\"widget\" data-widget_type=\"image.default\">\n\t\t\t\t<div class=\"elementor-widget-container\">\n\t\t\t\t\t\t\t\t\t\t\t\t\t\t\t<img decoding=\"async\" width=\"1000\" height=\"1000\" src=\"https:\/\/bulario.romuloenfermagem.com.br\/wp-content\/uploads\/2024\/01\/9AA295F2-751C-4EF1-85F0-4FFCC96A1826.png\" class=\"attachment-large size-large wp-image-31\" alt=\"\" srcset=\"https:\/\/bulario.romuloenfermagem.com.br\/wp-content\/uploads\/2024\/01\/9AA295F2-751C-4EF1-85F0-4FFCC96A1826.png 1000w, https:\/\/bulario.romuloenfermagem.com.br\/wp-content\/uploads\/2024\/01\/9AA295F2-751C-4EF1-85F0-4FFCC96A1826-300x300.png 300w, https:\/\/bulario.romuloenfermagem.com.br\/wp-content\/uploads\/2024\/01\/9AA295F2-751C-4EF1-85F0-4FFCC96A1826-150x150.png 150w, https:\/\/bulario.romuloenfermagem.com.br\/wp-content\/uploads\/2024\/01\/9AA295F2-751C-4EF1-85F0-4FFCC96A1826-768x768.png 768w\" sizes=\"(max-width: 1000px) 100vw, 1000px\" \/>\t\t\t\t\t\t\t\t\t\t\t\t\t\t\t<\/div>\n\t\t\t\t<\/div>\n\t\t\t\t<div class=\"elementor-element elementor-element-c51e356 elementor-widget elementor-widget-text-editor\" data-id=\"c51e356\" data-element_type=\"widget\" data-widget_type=\"text-editor.default\">\n\t\t\t\t<div class=\"elementor-widget-container\">\n\t\t\t\t\t\t\t<blockquote><p>R\u00f4mulo Macedo Santos \u00e9 um Bombeiro Civil e T\u00e9cnico em Enfermagem com especializa\u00e7\u00e3o em UTI e Necropsia al\u00e9m de outras forma\u00e7\u00f5es fora da \u00e1rea da sa\u00fade.<\/p><p>Tem um desejo incessante de contribuir para as futuras gera\u00e7\u00f5es com foco em auxiliar Estudantes e Profissionais da \u00e1rea da Enfermagem para se tornarem profissionais de excel\u00eancia.<\/p><\/blockquote>\t\t\t\t\t\t<\/div>\n\t\t\t\t<\/div>\n\t\t\t\t<div class=\"elementor-element elementor-element-1a0f598 elementor-widget elementor-widget-spacer\" data-id=\"1a0f598\" data-element_type=\"widget\" data-widget_type=\"spacer.default\">\n\t\t\t\t<div class=\"elementor-widget-container\">\n\t\t\t\t\t<div class=\"elementor-spacer\">\n\t\t\t<div class=\"elementor-spacer-inner\"><\/div>\n\t\t<\/div>\n\t\t\t\t<\/div>\n\t\t\t\t<\/div>\n\t\t\t\t<div class=\"elementor-element elementor-element-6fe538e elementor-widget elementor-widget-heading\" data-id=\"6fe538e\" data-element_type=\"widget\" data-widget_type=\"heading.default\">\n\t\t\t\t<div class=\"elementor-widget-container\">\n\t\t\t<h2 class=\"elementor-heading-title elementor-size-default\">2024 - Copyright - Todos os direitos reservados<\/h2>\t\t<\/div>\n\t\t\t\t<\/div>\n\t\t\t\t<div class=\"elementor-element elementor-element-b369e5b elementor-widget elementor-widget-heading\" data-id=\"b369e5b\" data-element_type=\"widget\" data-widget_type=\"heading.default\">\n\t\t\t\t<div class=\"elementor-widget-container\">\n\t\t\t<h2 class=\"elementor-heading-title elementor-size-default\">Termos de uso - Pol\u00edtica de privacidade<\/h2>\t\t<\/div>\n\t\t\t\t<\/div>\n\t\t\t\t<div class=\"elementor-element elementor-element-f03f10e elementor-widget elementor-widget-html\" data-id=\"f03f10e\" data-element_type=\"widget\" data-widget_type=\"html.default\">\n\t\t\t\t<div class=\"elementor-widget-container\">\n\t\t\t<!-- Meta Pixel Code -->\n<script>\n!function(f,b,e,v,n,t,s)\n{if(f.fbq)return;n=f.fbq=function(){n.callMethod?\nn.callMethod.apply(n,arguments):n.queue.push(arguments)};\nif(!f._fbq)f._fbq=n;n.push=n;n.loaded=!0;n.version='2.0';\nn.queue=[];t=b.createElement(e);t.async=!0;\nt.src=v;s=b.getElementsByTagName(e)[0];\ns.parentNode.insertBefore(t,s)}(window, document,'script',\n'https:\/\/connect.facebook.net\/en_US\/fbevents.js');\nfbq('init', '683710887131506');\nfbq('track', 'PageView');\n<\/script>\n<noscript><img loading=\"lazy\" height=\"1\" width=\"1\" style=\"display:none\"\nsrc=\"https:\/\/www.facebook.com\/tr?id=683710887131506&ev=PageView&noscript=1\"\n\/><\/noscript>\n<!-- End Meta Pixel Code -->\t\t<\/div>\n\t\t\t\t<\/div>\n\t\t\t\t\t<\/div>\n\t\t\t\t<\/div>\n\t\t\t\t\t\t\t<\/div>\n\t\t","protected":false},"excerpt":{"rendered":"<p>Livros digitais Bul\u00e1rio Aprenda sobre Indica\u00e7\u00e3o, contraindica\u00e7\u00e3o, efeitos colaterais, vias de administra\u00e7\u00e3o de medicamentos dos medicamentos mais utilizados na UTI e Emerg\u00eancia. EU QUERO Indicado para enfermeiros e t\u00e9cnicos em enfermagem! O que voc\u00ea ir\u00e1 aprender? Conte\u00fados do manual Indica\u00e7\u00e3o. Contra-indica\u00e7\u00e3o. Efeitos colaterais. Vias de administra\u00e7\u00e3o. Classe medicamentosa. Dos medicamentos mais utilizados na UTI e [&hellip;]<\/p>\n","protected":false},"author":1,"featured_media":0,"parent":0,"menu_order":0,"comment_status":"closed","ping_status":"closed","template":"elementor_canvas","meta":{"footnotes":""},"_links":{"self":[{"href":"https:\/\/bulario.romuloenfermagem.com.br\/index.php\/wp-json\/wp\/v2\/pages\/9"}],"collection":[{"href":"https:\/\/bulario.romuloenfermagem.com.br\/index.php\/wp-json\/wp\/v2\/pages"}],"about":[{"href":"https:\/\/bulario.romuloenfermagem.com.br\/index.php\/wp-json\/wp\/v2\/types\/page"}],"author":[{"embeddable":true,"href":"https:\/\/bulario.romuloenfermagem.com.br\/index.php\/wp-json\/wp\/v2\/users\/1"}],"replies":[{"embeddable":true,"href":"https:\/\/bulario.romuloenfermagem.com.br\/index.php\/wp-json\/wp\/v2\/comments?post=9"}],"version-history":[{"count":307,"href":"https:\/\/bulario.romuloenfermagem.com.br\/index.php\/wp-json\/wp\/v2\/pages\/9\/revisions"}],"predecessor-version":[{"id":346,"href":"https:\/\/bulario.romuloenfermagem.com.br\/index.php\/wp-json\/wp\/v2\/pages\/9\/revisions\/346"}],"wp:attachment":[{"href":"https:\/\/bulario.romuloenfermagem.com.br\/index.php\/wp-json\/wp\/v2\/media?parent=9"}],"curies":[{"name":"wp","href":"https:\/\/api.w.org\/{rel}","templated":true}]}}